{"id":20,"date":"2022-03-18T16:12:15","date_gmt":"2022-03-18T16:12:15","guid":{"rendered":"https:\/\/wdpdev\/en\/editions-limitees-5\/"},"modified":"2023-03-23T15:40:16","modified_gmt":"2023-03-23T20:40:16","slug":"limited-editions","status":"publish","type":"page","link":"https:\/\/denisjacquesart.com\/en\/limited-editions\/","title":{"rendered":"Limited Editions"},"content":{"rendered":"\n<p>All prints are limited editions, numbered and autographed by the artist.&nbsp;<\/p>\n\n\n\n<p>Prices shown here do not include framing or shipping.&nbsp;<\/p>\n\n\n\n<p>To order : <a href=\"https:\/\/denisjacquesart.com\/en\/contact\/\">Clic on CONTACT<\/a>&nbsp;<\/p>\n\n\n\n<p><\/p>\n\n\n\n<figure class=\"wp-block-table alignleft has-small-font-size\"><table><tbody><tr><td class=\"has-text-align-center\" data-align=\"center\"><img loading=\"lazy\" decoding=\"async\" width=\"110\" height=\"137\" class=\"wp-image-160\" style=\"width: 110px;\" src=\"https:\/\/denisjacquesart.com\/en\/wp-content\/uploads\/sites\/2\/2022\/03\/DJacques_Hum-gicle.jpg\" alt=\"\"><\/td><td>Denis Jacques \u00a9 \u00ab H\u00fbm\u2026 \u00bb Giclee on canvas<\/td><td>20 x 16 in : $350.00<br>30 x 24 in : $450.00<\/td><\/tr><tr><td class=\"has-text-align-center\" data-align=\"center\"><img loading=\"lazy\" decoding=\"async\" width=\"110\" height=\"132\" class=\"wp-image-164\" style=\"width: 110px;\" src=\"https:\/\/denisjacquesart.com\/en\/wp-content\/uploads\/sites\/2\/2022\/03\/DJacques_Chat-bleu.jpg\" alt=\"\"><\/td><td>Denis Jacques \u00a9 \u00ab Le chat bleu \u00bb Giclee on canevas<\/td><td>17,75 x 15,5 in : $350.00<\/td><\/tr><tr><td class=\"has-text-align-center\" data-align=\"center\"><img loading=\"lazy\" decoding=\"async\" width=\"110\" height=\"132\" class=\"wp-image-164\" style=\"width: 110px;\" src=\"https:\/\/denisjacquesart.com\/en\/wp-content\/uploads\/sites\/2\/2022\/03\/DJacques_Chat-bleu.jpg\" alt=\"\"><\/td><td>Denis Jacques \u00a9 \u00ab Le chat bleu \u00bb Giclee on canvas, retouched<\/td><td>17,75 x 15,5 in : $550.00<\/td><\/tr><tr><td class=\"has-text-align-center\" data-align=\"center\"><img loading=\"lazy\" decoding=\"async\" width=\"110\" height=\"83\" class=\"wp-image-163\" style=\"width: 110px;\" src=\"https:\/\/denisjacquesart.com\/en\/wp-content\/uploads\/sites\/2\/2022\/03\/DJacq_Orange_24x32-copie.jpg\" alt=\"\"><\/td><td>Denis Jacques \u00a9 \u00ab Au nord du fleuve Orange \u00bb Giclee on canvas<\/td><td>22 x 30 in : $400.00<\/td><\/tr><tr><td class=\"has-text-align-center\" data-align=\"center\"><img loading=\"lazy\" decoding=\"async\" width=\"110\" height=\"48\" class=\"wp-image-1229\" style=\"width: 110px;\" src=\"https:\/\/denisjacquesart.com\/en\/wp-content\/uploads\/sites\/2\/2023\/03\/DJ_onira_gr.jpg\" alt=\"\" srcset=\"https:\/\/denisjacquesart.com\/en\/wp-content\/uploads\/sites\/2\/2023\/03\/DJ_onira_gr.jpg 324w, https:\/\/denisjacquesart.com\/en\/wp-content\/uploads\/sites\/2\/2023\/03\/DJ_onira_gr-300x131.jpg 300w\" sizes=\"auto, (max-width: 110px) 100vw, 110px\" \/><\/td><td>Denis Jacques \u00a9 \u00ab Onira \u00bb Giclee on paper<\/td><td>14 x 30 in : $200.00<\/td><\/tr><tr><td class=\"has-text-align-center\" data-align=\"center\"><img loading=\"lazy\" decoding=\"async\" width=\"110\" height=\"91\" class=\"wp-image-162\" style=\"width: 110px;\" src=\"https:\/\/denisjacquesart.com\/en\/wp-content\/uploads\/sites\/2\/2022\/03\/DJacq_Anmone_gicle.jpg\" alt=\"\"><\/td><td>Denis Jacques \u00a9 \u00ab An\u00e9mone et poisson clown \u00bb Giclee on paper<\/td><td>8 x 9 in : $45.00<\/td><\/tr><tr><td class=\"has-text-align-center\" data-align=\"center\"><img loading=\"lazy\" decoding=\"async\" width=\"110\" height=\"146\" class=\"wp-image-1228\" style=\"width: 110px;\" src=\"https:\/\/denisjacquesart.com\/en\/wp-content\/uploads\/sites\/2\/2023\/03\/DJacq_Venus-copie.jpg\" alt=\"\"><\/td><td>Denis Jacques \u00a9 \u00ab V\u00e9nus Interdite \u00bb Photolithography on paper<\/td><td>24 x 18 in : $50.00<\/td><\/tr><tr><td class=\"has-text-align-center\" data-align=\"center\"><img loading=\"lazy\" decoding=\"async\" width=\"110\" height=\"163\" class=\"wp-image-167\" style=\"width: 110px;\" src=\"https:\/\/denisjacquesart.com\/en\/wp-content\/uploads\/sites\/2\/2022\/03\/silence_gr.jpg\" alt=\"\"><\/td><td>Denis Jacques \u00a9 \u00ab Silence observ\u00e9 \u00bb Photolithography on paper<\/td><td>30 x 20 in : $60.00<\/td><\/tr><tr><td class=\"has-text-align-center\" data-align=\"center\"><img loading=\"lazy\" decoding=\"async\" width=\"110\" height=\"83\" class=\"wp-image-161\" style=\"width: 110px;\" src=\"https:\/\/denisjacquesart.com\/en\/wp-content\/uploads\/sites\/2\/2022\/03\/mythe_gr.jpg\" alt=\"\"><\/td><td><strong>Denis Jacques \u00a9 \u00ab Le mythe de S\u00e9l\u00e9n\u00e9 \u00bb<\/strong> Photolithography on paper<\/td><td>18 x 24 in : $50.00<\/td><\/tr><\/tbody><\/table><\/figure>\n","protected":false},"excerpt":{"rendered":"<p>Galeries de Denis Jacques, peintre.<\/p>\n","protected":false},"author":1,"featured_media":0,"parent":0,"menu_order":0,"comment_status":"closed","ping_status":"closed","template":"","meta":{"ocean_post_layout":"","ocean_both_sidebars_style":"","ocean_both_sidebars_content_width":0,"ocean_both_sidebars_sidebars_width":0,"ocean_sidebar":"0","ocean_second_sidebar":"0","ocean_disable_margins":"enable","ocean_add_body_class":"","ocean_shortcode_before_top_bar":"","ocean_shortcode_after_top_bar":"","ocean_shortcode_before_header":"","ocean_shortcode_after_header":"","ocean_has_shortcode":"","ocean_shortcode_after_title":"","ocean_shortcode_before_footer_widgets":"","ocean_shortcode_after_footer_widgets":"","ocean_shortcode_before_footer_bottom":"","ocean_shortcode_after_footer_bottom":"","ocean_display_top_bar":"default","ocean_display_header":"default","ocean_header_style":"","ocean_center_header_left_menu":"0","ocean_custom_header_template":"0","ocean_custom_logo":0,"ocean_custom_retina_logo":0,"ocean_custom_logo_max_width":0,"ocean_custom_logo_tablet_max_width":0,"ocean_custom_logo_mobile_max_width":0,"ocean_custom_logo_max_height":0,"ocean_custom_logo_tablet_max_height":0,"ocean_custom_logo_mobile_max_height":0,"ocean_header_custom_menu":"0","ocean_menu_typo_font_family":"0","ocean_menu_typo_font_subset":"","ocean_menu_typo_font_size":0,"ocean_menu_typo_font_size_tablet":0,"ocean_menu_typo_font_size_mobile":0,"ocean_menu_typo_font_size_unit":"px","ocean_menu_typo_font_weight":"","ocean_menu_typo_font_weight_tablet":"","ocean_menu_typo_font_weight_mobile":"","ocean_menu_typo_transform":"","ocean_menu_typo_transform_tablet":"","ocean_menu_typo_transform_mobile":"","ocean_menu_typo_line_height":0,"ocean_menu_typo_line_height_tablet":0,"ocean_menu_typo_line_height_mobile":0,"ocean_menu_typo_line_height_unit":"","ocean_menu_typo_spacing":0,"ocean_menu_typo_spacing_tablet":0,"ocean_menu_typo_spacing_mobile":0,"ocean_menu_typo_spacing_unit":"","ocean_menu_link_color":"","ocean_menu_link_color_hover":"","ocean_menu_link_color_active":"","ocean_menu_link_background":"","ocean_menu_link_hover_background":"","ocean_menu_link_active_background":"","ocean_menu_social_links_bg":"","ocean_menu_social_hover_links_bg":"","ocean_menu_social_links_color":"","ocean_menu_social_hover_links_color":"","ocean_disable_title":"default","ocean_disable_heading":"default","ocean_post_title":"","ocean_post_subheading":"","ocean_post_title_style":"","ocean_post_title_background_color":"","ocean_post_title_background":0,"ocean_post_title_bg_image_position":"","ocean_post_title_bg_image_attachment":"","ocean_post_title_bg_image_repeat":"","ocean_post_title_bg_image_size":"","ocean_post_title_height":0,"ocean_post_title_bg_overlay":0.5,"ocean_post_title_bg_overlay_color":"","ocean_disable_breadcrumbs":"default","ocean_breadcrumbs_color":"","ocean_breadcrumbs_separator_color":"","ocean_breadcrumbs_links_color":"","ocean_breadcrumbs_links_hover_color":"","ocean_display_footer_widgets":"default","ocean_display_footer_bottom":"default","ocean_custom_footer_template":"0","_vp_format_video_url":"","_vp_image_focal_point":[],"footnotes":""},"class_list":["post-20","page","type-page","status-publish","hentry","entry"],"_links":{"self":[{"href":"https:\/\/denisjacquesart.com\/en\/wp-json\/wp\/v2\/pages\/20","targetHints":{"allow":["GET"]}}],"collection":[{"href":"https:\/\/denisjacquesart.com\/en\/wp-json\/wp\/v2\/pages"}],"about":[{"href":"https:\/\/denisjacquesart.com\/en\/wp-json\/wp\/v2\/types\/page"}],"author":[{"embeddable":true,"href":"https:\/\/denisjacquesart.com\/en\/wp-json\/wp\/v2\/users\/1"}],"replies":[{"embeddable":true,"href":"https:\/\/denisjacquesart.com\/en\/wp-json\/wp\/v2\/comments?post=20"}],"version-history":[{"count":10,"href":"https:\/\/denisjacquesart.com\/en\/wp-json\/wp\/v2\/pages\/20\/revisions"}],"predecessor-version":[{"id":1232,"href":"https:\/\/denisjacquesart.com\/en\/wp-json\/wp\/v2\/pages\/20\/revisions\/1232"}],"wp:attachment":[{"href":"https:\/\/denisjacquesart.com\/en\/wp-json\/wp\/v2\/media?parent=20"}],"curies":[{"name":"wp","href":"https:\/\/api.w.org\/{rel}","templated":true}]}}